{"id":1750,"date":"2016-11-03T15:19:27","date_gmt":"2016-11-03T12:19:27","guid":{"rendered":"https:\/\/www.twos.com.tr\/hizmetlerimiz\/"},"modified":"2024-12-06T16:16:39","modified_gmt":"2024-12-06T13:16:39","slug":"hizmetlerimiz","status":"publish","type":"page","link":"https:\/\/www.twos.com.tr\/tr\/hizmetlerimiz\/","title":{"rendered":"Hizmetlerimiz"},"content":{"rendered":"<div class=\"wpb-content-wrapper\"><p>[vc_row][vc_column][vc_empty_space height=&#8221;2.2em&#8221; alter_height=&#8221;none&#8221; hide_on_mobile=&#8221;&#8221;]<div  id=\"sc_services_1251766396\"            class=\"sc_services sc_services_iconed\" data-slides-per-view=\"4\" data-interval=\"0\" data-slides-min-width=\"250\"\t\t>\n\t\t<div class=\"sc_item_descr sc_services_descr sc_align_default\">Explain to you how all this mistaken idea of denouncing pleasure and praising pain was<br \/> born and I will give you a complete account.<\/div><div class=\"sc_services_columns sc_item_columns trx_addons_columns_wrap columns_padding_bottom\"><div class=\"trx_addons_column-1_4 \"><div class=\"sc_services_item with_icon sc_services_item_featured_top\">\n\t<div class=\"sc_services_item_header\">\n\t\t\t\n\t\t<h4 class=\"sc_services_item_title\"><a href=\"https:\/\/www.twos.com.tr\/tr\/services\/deniz-tasimaciligi\/\">Deniz Ta\u015f\u0131mac\u0131l\u0131\u011f\u0131<\/a><\/h4>\n\t\t<div class=\"sc_services_item_subtitle\"><a href=\"https:\/\/www.twos.com.tr\/services_group\/transportation\/\" title=\"View all posts in Transportation\">Transportation<\/a><\/div>\n\t<\/div>\n\t\t\t<div class=\"sc_services_item_content\">\n\t\t\t<div class=\"sc_services_item_text\"><p>G\u00fcvenilir deniz ta\u015f\u0131mac\u0131l\u0131\u011f\u0131 hizmetlerimiz, mallar\u0131n\u0131z\u0131n d\u00fcnyan\u0131n herhangi bir k\u0131tas\u0131na g\u00fcvenli bir \u015fekilde ve zaman\u0131nda ula\u015fmas\u0131n\u0131 sa\u011flar.<\/p>\n<\/div>\n\t\t\t<div class=\"sc_services_item_button sc_item_button\"><a href=\"https:\/\/www.twos.com.tr\/tr\/services\/deniz-tasimaciligi\/\" class=\"sc_button sc_button_simple\">Learn more<\/a><\/div>\n\t\t<\/div>\n\t<\/div>\n<\/div><div class=\"trx_addons_column-1_4 \"><div class=\"sc_services_item with_icon sc_services_item_featured_top\">\n\t<div class=\"sc_services_item_header\">\n\t\t<a href=\"https:\/\/www.twos.com.tr\/tr\/services\/hava-tasimaciligi\/\"\n\t\t\t\t id=\"sc_services_1251766396_No icon\"\n\t\t\t\t class=\"sc_services_item_icon No icon\"\n\t\t\t\t ><\/a>\t\n\t\t<h4 class=\"sc_services_item_title\"><a href=\"https:\/\/www.twos.com.tr\/tr\/services\/hava-tasimaciligi\/\">Hava Ta\u015f\u0131mac\u0131l\u0131\u011f\u0131<\/a><\/h4>\n\t\t<div class=\"sc_services_item_subtitle\"><a href=\"https:\/\/www.twos.com.tr\/services_group\/transportation\/\" title=\"View all posts in Transportation\">Transportation<\/a><\/div>\n\t<\/div>\n\t\t\t<div class=\"sc_services_item_content\">\n\t\t\t<div class=\"sc_services_item_text\"><p>H\u0131z ve maliyet aras\u0131nda en uygun dengeyi bulman\u0131za yard\u0131mc\u0131 olmak i\u00e7in bir dizi hava kargo hizmeti sunuyoruz.<\/p>\n<\/div>\n\t\t\t<div class=\"sc_services_item_button sc_item_button\"><a href=\"https:\/\/www.twos.com.tr\/tr\/services\/hava-tasimaciligi\/\" class=\"sc_button sc_button_simple\">Learn more<\/a><\/div>\n\t\t<\/div>\n\t<\/div>\n<\/div><div class=\"trx_addons_column-1_4 \"><div class=\"sc_services_item with_icon sc_services_item_featured_top\">\n\t<div class=\"sc_services_item_header\">\n\t\t\t\n\t\t<h4 class=\"sc_services_item_title\"><a href=\"https:\/\/www.twos.com.tr\/tr\/services\/karayolu-tasimaciligi\/\">Karayolu Ta\u015f\u0131mac\u0131l\u0131\u011f\u0131<\/a><\/h4>\n\t\t<div class=\"sc_services_item_subtitle\"><a href=\"https:\/\/www.twos.com.tr\/services_group\/transportation\/\" title=\"View all posts in Transportation\">Transportation<\/a><\/div>\n\t<\/div>\n\t\t\t<div class=\"sc_services_item_content\">\n\t\t\t<div class=\"sc_services_item_text\"><p>Bat\u0131, Orta ve Do\u011fu Avrupa&#8217;da d\u00fczenli seferler ve k\u0131sa transit s\u00fcreleri sa\u011fl\u0131yoruz.<\/p>\n<\/div>\n\t\t\t<div class=\"sc_services_item_button sc_item_button\"><a href=\"https:\/\/www.twos.com.tr\/tr\/services\/karayolu-tasimaciligi\/\" class=\"sc_button sc_button_simple\">Learn more<\/a><\/div>\n\t\t<\/div>\n\t<\/div>\n<\/div><div class=\"trx_addons_column-1_4 \"><div class=\"sc_services_item with_icon sc_services_item_featured_top\">\n\t<div class=\"sc_services_item_header\">\n\t\t<a href=\"https:\/\/www.twos.com.tr\/tr\/services\/parsiyel-tasimacilik\/\"\n\t\t\t\t id=\"sc_services_1251766396_No icon\"\n\t\t\t\t class=\"sc_services_item_icon No icon\"\n\t\t\t\t ><\/a>\t\n\t\t<h4 class=\"sc_services_item_title\"><a href=\"https:\/\/www.twos.com.tr\/tr\/services\/parsiyel-tasimacilik\/\">Parsiyel Ta\u015f\u0131mac\u0131l\u0131k<\/a><\/h4>\n\t\t<div class=\"sc_services_item_subtitle\"><a href=\"https:\/\/www.twos.com.tr\/services_group\/transportation\/\" title=\"View all posts in Transportation\">Transportation<\/a><\/div>\n\t<\/div>\n\t\t\t<div class=\"sc_services_item_content\">\n\t\t\t<div class=\"sc_services_item_text\"><p>Parsiyel Ta\u015f\u0131mac\u0131l\u0131k, bir \u00fcr\u00fcn\u00fcn veya mal\u0131n tamamen de\u011fil k\u0131smen ta\u015f\u0131nmas\u0131 anlam\u0131na gelir.<\/p>\n<\/div>\n\t\t\t<div class=\"sc_services_item_button sc_item_button\"><a href=\"https:\/\/www.twos.com.tr\/tr\/services\/parsiyel-tasimacilik\/\" class=\"sc_button sc_button_simple\">Learn more<\/a><\/div>\n\t\t<\/div>\n\t<\/div>\n<\/div><\/div><\/div><!-- \/.sc_services -->[vc_empty_space height=&#8221;8em&#8221; alter_height=&#8221;none&#8221; hide_on_mobile=&#8221;&#8221;][\/vc_column][\/vc_row][vc_row full_width=&#8221;stretch_row_content&#8221; equal_height=&#8221;yes&#8221; css=&#8221;.vc_custom_1613985810367{background-image: url(https:\/\/www.twos.com.tr\/wp-content\/uploads\/2016\/11\/bg_image-copyright.jpg?id=992) !important;}&#8221;][vc_column width=&#8221;1\/2&#8243; offset=&#8221;vc_col-lg-7 vc_col-md-6&#8243;][\/vc_column][vc_column width=&#8221;1\/2&#8243; offset=&#8221;vc_col-lg-5 vc_col-md-6&#8243; css=&#8221;.vc_custom_1480334416208{background-color: rgba(255,255,255,0.8) !important;*background-color: rgb(255,255,255) !important;}&#8221;][vc_empty_space height=&#8221;11.9em&#8221; alter_height=&#8221;none&#8221; hide_on_mobile=&#8221;&#8221;]<div id=\"sc_content_499818942\"\n\t\tclass=\"sc_content sc_content_default\"><h6 class=\"sc_item_subtitle sc_content_subtitle sc_align_default sc_item_title_style_default\">ONLINE & OFFLINE<\/h6><h2 class=\"sc_item_title sc_content_title sc_align_default sc_item_title_style_default\">Y\u00fck\u00fcn\u00fcz\u00fc Takip Edin<\/h2><div class=\"sc_item_descr sc_content_descr sc_align_default\">Experience unprecedented visibility over all your international shipments with our single window tracking solution.Eliminate the need for manual container tracking and trace containers with real-time automated notifications on the movement of your freight.<\/div><div class=\"sc_content_container\">[vc_empty_space height=&#8221;3em&#8221; alter_height=&#8221;none&#8221; hide_on_mobile=&#8221;&#8221;]<div class=\"sc_item_button sc_button_wrap sc_align_left\"><a href=\"https:\/\/www.gocomet.com\/online-container-tracking\" id=\"sc_button_2024506058\" class=\"sc_button sc_button_default sc_button_size_normal sc_button_icon_right\"><span class=\"sc_button_icon\"><span class=\"icon-right\"><\/span><\/span><span class=\"sc_button_text\"><span class=\"sc_button_title\">Y\u00fck Ta\u015f\u0131mac\u0131l\u0131\u011f\u0131<\/span><\/span><!-- \/.sc_button_text --><\/a><!-- \/.sc_button --><\/div><!-- \/.sc_item_button --><div class=\"sc_item_button sc_button_wrap sc_align_left\"><a href=\"\/contacts\/\" id=\"sc_button_1288392625\" class=\"sc_button sc_button_border sc_button_size_normal sc_button_icon_right\"><span class=\"sc_button_icon\"><span class=\"icon-right\"><\/span><\/span><span class=\"sc_button_text\"><span class=\"sc_button_title\">Bize Ula\u015f\u0131n<\/span><\/span><!-- \/.sc_button_text --><\/a><!-- \/.sc_button --><\/div><!-- \/.sc_item_button --><\/div><\/div><!-- \/.sc_content -->[vc_empty_space height=&#8221;11.9em&#8221; alter_height=&#8221;none&#8221; hide_on_mobile=&#8221;&#8221;][\/vc_column][\/vc_row][vc_row full_width=&#8221;stretch_row_content_no_spaces&#8221; css=&#8221;.vc_custom_1478532881550{background-color: #faf9f5 !important;}&#8221;][vc_column]<div  id=\"sc_promo_625029182\" \n\tclass=\"sc_promo sc_promo_default sc_promo_size_large sc_promo_image_position_left\"><div class=\"sc_promo_image\" style=\"background-image:url(https:\/\/www.twos.com.tr\/wp-content\/uploads\/2016\/11\/services-promo-copyright.jpg);width:50%;left: 0;\"><\/div><div class=\"sc_promo_text\" style=\"width: 50%;float: right;\">\n\t\t\t<div class=\"sc_promo_text_inner\" style=\"\"><div class=\"sc_promo_content sc_item_content\"><div id=\"sc_content_240270128\"\n\t\tclass=\"sc_content sc_content_default  vc_custom_1480289643519 sc_content_width_1_2\"><div class=\"sc_content_container\"><div id=\"sc_skills_1208622850\"\n\t\tclass=\"sc_skills sc_skills_pie sc_skills_compact_off\"\n\t\t\t\tdata-type=\"pie\"\n\t\t><h6 class=\"sc_item_subtitle sc_skills_subtitle sc_align_default sc_item_title_style_default\">Our Cargo<\/h6><h2 class=\"sc_item_title sc_skills_title sc_align_default sc_item_title_style_default\">Ula\u015f\u0131m Becerileri<\/h2><div class=\"sc_item_descr sc_skills_descr sc_align_default\">We don\u2019t just manage suppliers, we micro-manage them. We have a consultative,<br \/> personalized approach to hiring new employees.<\/div><div class=\"sc_skills_columns sc_item_columns trx_addons_columns_wrap columns_padding_bottom\"><div class=\"sc_skills_column trx_addons_column-1_4\"><div class=\"sc_skills_item_wrap\"><div class=\"sc_skills_item\"><canvas id=\"sc_skills_canvas_1472710458\"><\/canvas><div class=\"sc_skills_total\" data-start=\"0\" data-stop=\"70\" data-step=\"1\" data-steps=\"100\" data-max=\"100\" data-speed=\"16\" data-duration=\"1120\" data-color=\"#e23b2e\" data-bg_color=\"#fff\" data-border_color=\"\" data-cutout=\"96\" data-easing=\"easeOutCirc\" data-ed=\"\">0<\/div><\/div><div class=\"sc_skills_item_title\">Transport<\/div><\/div><\/div><div class=\"sc_skills_column trx_addons_column-1_4\"><div class=\"sc_skills_item_wrap\"><div class=\"sc_skills_item\"><canvas id=\"sc_skills_canvas_2060975897\"><\/canvas><div class=\"sc_skills_total\" data-start=\"0\" data-stop=\"85\" data-step=\"1\" data-steps=\"100\" data-max=\"100\" data-speed=\"15\" data-duration=\"1275\" data-color=\"#e23b2e\" data-bg_color=\"#fff\" data-border_color=\"\" data-cutout=\"96\" data-easing=\"easeOutCirc\" data-ed=\"\">0<\/div><\/div><div class=\"sc_skills_item_title\">Logistics<\/div><\/div><\/div><div class=\"sc_skills_column trx_addons_column-1_4\"><div class=\"sc_skills_item_wrap\"><div class=\"sc_skills_item\"><canvas id=\"sc_skills_canvas_784261628\"><\/canvas><div class=\"sc_skills_total\" data-start=\"0\" data-stop=\"50\" data-step=\"1\" data-steps=\"100\" data-max=\"100\" data-speed=\"21\" data-duration=\"1050\" data-color=\"#e23b2e\" data-bg_color=\"#fff\" data-border_color=\"\" data-cutout=\"96\" data-easing=\"easeOutCirc\" data-ed=\"\">0<\/div><\/div><div class=\"sc_skills_item_title\">Support<\/div><\/div><\/div><div class=\"sc_skills_column trx_addons_column-1_4\"><div class=\"sc_skills_item_wrap\"><div class=\"sc_skills_item\"><canvas id=\"sc_skills_canvas_1084380255\"><\/canvas><div class=\"sc_skills_total\" data-start=\"0\" data-stop=\"90\" data-step=\"1\" data-steps=\"100\" data-max=\"100\" data-speed=\"22\" data-duration=\"1980\" data-color=\"#e23b2e\" data-bg_color=\"#fff\" data-border_color=\"\" data-cutout=\"96\" data-easing=\"easeOutCirc\" data-ed=\"\">0<\/div><\/div><div class=\"sc_skills_item_title\">Chain Supply<\/div><\/div><\/div><\/div><\/div>[vc_empty_space height=&#8221;1.4em&#8221; alter_height=&#8221;none&#8221; hide_on_mobile=&#8221;&#8221;]<div class=\"sc_item_button sc_button_wrap\"><a href=\"\/about-us-style-1\/\" id=\"sc_button_2059405456\" class=\"sc_button sc_button_accent sc_button_size_normal sc_button_icon_right\"><span class=\"sc_button_icon\"><span class=\"icon-right\"><\/span><\/span><span class=\"sc_button_text\"><span class=\"sc_button_title\">Hakk\u0131m\u0131zda Daha Fazla Bilgi<\/span><\/span><!-- \/.sc_button_text --><\/a><!-- \/.sc_button --><\/div><!-- \/.sc_item_button --><\/div><\/div><!-- \/.sc_content --><\/div><\/div>\n\t\t<\/div><!-- \/.sc_promo_text --><\/div><!-- \/.sc_promo -->[\/vc_column][\/vc_row][vc_row full_width=&#8221;stretch_row_content_no_spaces&#8221;][vc_column width=&#8221;1\/4&#8243; css=&#8221;.vc_custom_1480281211046{padding: 10px !important;background-color: #ffffff !important;}&#8221;][vc_empty_space height=&#8221;7.45em&#8221; alter_height=&#8221;none&#8221; hide_on_mobile=&#8221;&#8221;]<div id=\"sc_icons_2033926295\" \n\tclass=\"sc_icons sc_icons_default sc_icons_size_small sc_align_center  vc_custom_1480279416544\"><div class=\"sc_icons_item\"><div id=\"sc_icons_2033926295_icon-lock-1\" class=\"sc_icons_icon sc_icon_type_fontawesome icon-lock-1\"\n\t\t\t\t\t\t\t\t\t\t\t\t><span class=\"sc_icon_type_fontawesome icon-lock-1\"><\/span><\/div><\/div><\/div><!-- \/.sc_icons -->[vc_column_text css=&#8221;.vc_custom_1479685995166{margin-bottom: 0.75em !important;}&#8221;]<\/p>\n<h4 style=\"text-align: center;\">Yenilik\u00e7i Kullan\u0131m<\/h4>\n<p>[\/vc_column_text][vc_column_text]<\/p>\n<p style=\"text-align: center;\">Size<br \/> hazz\u0131 k\u0131nayan ve hazz\u0131 \u00f6ven bu yanl\u0131\u015f fikrin nas\u0131l ortaya \u00e7\u0131kt\u0131\u011f\u0131n\u0131 a\u00e7\u0131klayay\u0131m.[\/vc_column_text][vc_empty_space height=&#8221;7.6em&#8221; alter_height=&#8221;none&#8221; hide_on_mobile=&#8221;&#8221;][\/vc_column][vc_column width=&#8221;1\/4&#8243; css=&#8221;.vc_custom_1480281219262{padding: 10px !important;background-color: #f7f6f2 !important;}&#8221;][vc_empty_space height=&#8221;7.45em&#8221; alter_height=&#8221;none&#8221; hide_on_mobile=&#8221;&#8221;]<div id=\"sc_icons_474816413\" \n\tclass=\"sc_icons sc_icons_default sc_icons_size_small sc_align_center  vc_custom_1479686195378\"><div class=\"sc_icons_item\"><div id=\"sc_icons_474816413_icon-2\" class=\"sc_icons_icon sc_icon_type_fontawesome icon-2\"\n\t\t\t\t\t\t\t\t\t\t\t\t><span class=\"sc_icon_type_fontawesome icon-2\"><\/span><\/div><\/div><\/div><!-- \/.sc_icons -->[vc_column_text css=&#8221;.vc_custom_1480279355953{margin-bottom: 0.75em !important;}&#8221;]<\/p>\n<h4 style=\"text-align: center;\">M\u00fc\u015fteri Deste\u011fi<\/h4>\n<p>[\/vc_column_text][vc_column_text]<\/p>\n<p style=\"text-align: center;\">Size<br \/> hazz\u0131 k\u0131nayan ve hazz\u0131 \u00f6ven bu yanl\u0131\u015f fikrin nas\u0131l ortaya \u00e7\u0131kt\u0131\u011f\u0131n\u0131 a\u00e7\u0131klayay\u0131m.[\/vc_column_text][vc_empty_space height=&#8221;7.6em&#8221; alter_height=&#8221;none&#8221; hide_on_mobile=&#8221;&#8221;][\/vc_column][vc_column width=&#8221;1\/4&#8243; scheme=&#8221;dark&#8221; css=&#8221;.vc_custom_1480281230540{padding: 10px !important;background-color: #1f2d37 !important;}&#8221;][vc_empty_space height=&#8221;7.45em&#8221; alter_height=&#8221;none&#8221; hide_on_mobile=&#8221;&#8221;]<div id=\"sc_icons_1648758114\" \n\tclass=\"sc_icons sc_icons_default sc_icons_size_small sc_align_center  vc_custom_1480279444602\"><div class=\"sc_icons_item\"><div id=\"sc_icons_1648758114_icon-hour\" class=\"sc_icons_icon sc_icon_type_fontawesome icon-hour\"\n\t\t\t\t\t\t\t\t\t\t\t\t><span class=\"sc_icon_type_fontawesome icon-hour\"><\/span><\/div><\/div><\/div><!-- \/.sc_icons -->[vc_column_text css=&#8221;.vc_custom_1480279365886{margin-bottom: 0.75em !important;}&#8221;]<\/p>\n<h4 style=\"text-align: center;\">G\u00fcvenilirlik ve Dakiklik<\/h4>\n<p>[\/vc_column_text][vc_column_text]<\/p>\n<p style=\"text-align: center; color: #8f9ca6;\">Size<br \/> hazz\u0131 k\u0131nayan ve hazz\u0131 \u00f6ven bu yanl\u0131\u015f fikrin nas\u0131l ortaya \u00e7\u0131kt\u0131\u011f\u0131n\u0131 a\u00e7\u0131klayay\u0131m.[\/vc_column_text][vc_empty_space height=&#8221;7.6em&#8221; alter_height=&#8221;none&#8221; hide_on_mobile=&#8221;&#8221;][\/vc_column][vc_column width=&#8221;1\/4&#8243; scheme=&#8221;dark&#8221; css=&#8221;.vc_custom_1480281239204{padding: 10px !important;background-color: #db5045 !important;}&#8221;][vc_empty_space height=&#8221;7.45em&#8221; alter_height=&#8221;none&#8221; hide_on_mobile=&#8221;&#8221;]<div id=\"sc_icons_1290512233\" \n\tclass=\"sc_icons sc_icons_default sc_icons_size_small sc_align_center  vc_custom_1480279474816\"><div class=\"sc_icons_item\"><div id=\"sc_icons_1290512233_icon-cup-1\" class=\"sc_icons_icon sc_icon_type_fontawesome icon-cup-1\"\n\t\t\t\t\t\t style=\"color: #ffffff\"\t\t\t\t\t\t><span class=\"sc_icon_type_fontawesome icon-cup-1\" style=\"color: #ffffff\"><\/span><\/div><\/div><\/div><!-- \/.sc_icons -->[vc_column_text css=&#8221;.vc_custom_1480279376271{margin-bottom: 0.75em !important;}&#8221;]<\/p>\n<h4 style=\"text-align: center;\">Kargo sigortas\u0131<\/h4>\n<p>[\/vc_column_text][vc_column_text]<\/p>\n<p style=\"text-align: center; color: #fff;\">Size<br \/> hazz\u0131 k\u0131nayan ve hazz\u0131 \u00f6ven bu yanl\u0131\u015f fikrin nas\u0131l ortaya \u00e7\u0131kt\u0131\u011f\u0131n\u0131 a\u00e7\u0131klayay\u0131m.[\/vc_column_text][vc_empty_space height=&#8221;7.6em&#8221; alter_height=&#8221;none&#8221; hide_on_mobile=&#8221;&#8221;][\/vc_column][\/vc_row][vc_row][vc_column][vc_empty_space height=&#8221;4.8em&#8221; alter_height=&#8221;none&#8221; hide_on_mobile=&#8221;1,2&#8243;][\/vc_column][\/vc_row][vc_row][vc_column][vc_empty_space height=&#8221;2.9em&#8221; alter_height=&#8221;none&#8221; hide_on_mobile=&#8221;1,2&#8243;][\/vc_column][\/vc_row]<\/p>\n<\/div>","protected":false},"excerpt":{"rendered":"<p>[vc_row][vc_column][vc_empty_space height=&#8221;2.2em&#8221; alter_height=&#8221;none&#8221; hide_on_mobile=&#8221;&#8221;][vc_empty_space height=&#8221;8em&#8221; alter_height=&#8221;none&#8221; hide_on_mobile=&#8221;&#8221;][\/vc_column][\/vc_row][vc_row full_width=&#8221;stretch_row_content&#8221; equal_height=&#8221;yes&#8221; css=&#8221;.vc_custom_1613985810367{background-image: url(https:\/\/www.twos.com.tr\/wp-content\/uploads\/2016\/11\/bg_image-copyright.jpg?id=992) !important;}&#8221;][vc_column width=&#8221;1\/2&#8243; offset=&#8221;vc_col-lg-7 vc_col-md-6&#8243;][\/vc_column][vc_column width=&#8221;1\/2&#8243; offset=&#8221;vc_col-lg-5 vc_col-md-6&#8243; css=&#8221;.vc_custom_1480334416208{background-color: rgba(255,255,255,0.8) !important;*background-color: rgb(255,255,255) !important;}&#8221;][vc_empty_space height=&#8221;11.9em&#8221; alter_height=&#8221;none&#8221; hide_on_mobile=&#8221;&#8221;][vc_empty_space height=&#8221;11.9em&#8221; alter_height=&#8221;none&#8221; hide_on_mobile=&#8221;&#8221;][\/vc_column][\/vc_row][vc_row full_width=&#8221;stretch_row_content_no_spaces&#8221; css=&#8221;.vc_custom_1478532881550{background-color: #faf9f5 !important;}&#8221;][vc_column][\/vc_column][\/vc_row][vc_row full_width=&#8221;stretch_row_content_no_spaces&#8221;][vc_column width=&#8221;1\/4&#8243; css=&#8221;.vc_custom_1480281211046{padding: 10px !important;background-color: #ffffff !important;}&#8221;][vc_empty_space height=&#8221;7.45em&#8221; alter_height=&#8221;none&#8221; hide_on_mobile=&#8221;&#8221;][vc_column_text css=&#8221;.vc_custom_1479685995166{margin-bottom: 0.75em !important;}&#8221;] Yenilik\u00e7i Kullan\u0131m [\/vc_column_text][vc_column_text] Size hazz\u0131 k\u0131nayan ve hazz\u0131 \u00f6ven bu yanl\u0131\u015f fikrin nas\u0131l ortaya&hellip;<\/p>\n","protected":false},"author":1,"featured_media":0,"parent":0,"menu_order":0,"comment_status":"closed","ping_status":"closed","template":"","meta":{"footnotes":""},"class_list":["post-1750","page","type-page","status-publish","hentry"],"_links":{"self":[{"href":"https:\/\/www.twos.com.tr\/tr\/wp-json\/wp\/v2\/pages\/1750","targetHints":{"allow":["GET"]}}],"collection":[{"href":"https:\/\/www.twos.com.tr\/tr\/wp-json\/wp\/v2\/pages"}],"about":[{"href":"https:\/\/www.twos.com.tr\/tr\/wp-json\/wp\/v2\/types\/page"}],"author":[{"embeddable":true,"href":"https:\/\/www.twos.com.tr\/tr\/wp-json\/wp\/v2\/users\/1"}],"replies":[{"embeddable":true,"href":"https:\/\/www.twos.com.tr\/tr\/wp-json\/wp\/v2\/comments?post=1750"}],"version-history":[{"count":2,"href":"https:\/\/www.twos.com.tr\/tr\/wp-json\/wp\/v2\/pages\/1750\/revisions"}],"predecessor-version":[{"id":1752,"href":"https:\/\/www.twos.com.tr\/tr\/wp-json\/wp\/v2\/pages\/1750\/revisions\/1752"}],"wp:attachment":[{"href":"https:\/\/www.twos.com.tr\/tr\/wp-json\/wp\/v2\/media?parent=1750"}],"curies":[{"name":"wp","href":"https:\/\/api.w.org\/{rel}","templated":true}]}}