{"id":1746,"date":"2016-11-03T15:19:05","date_gmt":"2016-11-03T12:19:05","guid":{"rendered":"https:\/\/www.twos.com.tr\/hakkimizda\/"},"modified":"2025-05-31T16:11:17","modified_gmt":"2025-05-31T13:11:17","slug":"hakkimizda","status":"publish","type":"page","link":"https:\/\/www.twos.com.tr\/tr\/hakkimizda\/","title":{"rendered":"Hakk\u0131m\u0131zda"},"content":{"rendered":"<div class=\"wpb-content-wrapper\"><p>[vc_row full_width=&#8221;stretch_row&#8221; css=&#8221;.vc_custom_1748697046157{margin-top: 50px !important;background-color: #e4e4e4 !important;background-position: 0 0 !important;background-repeat: no-repeat !important;}&#8221;][vc_column][vc_row_inner css=&#8221;.vc_custom_1748697074214{margin-top: 50px !important;}&#8221;][vc_column_inner width=&#8221;1\/2&#8243; css=&#8221;.vc_custom_1748697021583{margin-top: 20px !important;}&#8221;]<div  id=\"sc_promo_1159332007\" \n\tclass=\"sc_promo sc_promo_default sc_promo_size_small sc_promo_no_image\"><div class=\"sc_promo_text\" style=\"width: 100%;\">\n\t\t\t<div class=\"sc_promo_text_inner\" style=\"\"><h6 class=\"sc_item_subtitle sc_promo_subtitle sc_align_default sc_item_title_style_default\">International<\/h6><h2 class=\"sc_item_title sc_promo_title sc_align_default sc_item_title_style_default\">TWOS Global Logistics<\/h2><div class=\"sc_item_descr sc_promo_descr sc_align_default\"><p><strong>\u0130ster da\u011f\u0131t\u0131ma ister sipari\u015f kar\u015f\u0131lamaya, tan\u0131ml\u0131 nakliyeye veya eksiksiz bir tedarik zinciri \u00e7\u00f6z\u00fcm\u00fcne ihtiyac\u0131n\u0131z olsun, <span style=\"color: #df3629;\">sizin i\u00e7in buraday\u0131z.<\/span><\/strong> <\/p>\n\n\nH\u0131zla geli\u015fen ve de\u011fi\u015fen k\u00fcresel ekonomi ve buna ba\u011fl\u0131 olarak artan ta\u015f\u0131mac\u0131l\u0131k ve lojistik ihtiya\u00e7lar\u0131; Kaliteli, zaman\u0131nda ve g\u00fcvenilir hizmet anlay\u0131\u015f\u0131n\u0131 olu\u015fturmak ve bunu her biri kendi i\u015finin lideri olan \u00e7al\u0131\u015fanlar\u0131m\u0131zla s\u00fcrekli k\u0131lmak.<\/div><div class=\"sc_item_button sc_item_button_accent sc_promo_button sc_align_default sc_button_wrap\"><a href=\"\/contacts\/\" id=\"sc_button_919372145\" class=\"sc_button sc_button_accent sc_button_size_normal sc_button_icon_left\"><span class=\"sc_button_text\"><span class=\"sc_button_title\">\u0130leti\u015fim<\/span><\/span><!-- \/.sc_button_text --><\/a><!-- \/.sc_button --><\/div><!-- \/.sc_item_button sc_item_button_accent sc_promo_button sc_align_default --><\/div>\n\t\t<\/div><!-- \/.sc_promo_text --><\/div><!-- \/.sc_promo -->[\/vc_column_inner][vc_column_inner width=&#8221;1\/2&#8243;][vc_single_image image=&#8221;1616&#8243; img_size=&#8221;medium&#8221; alignment=&#8221;center&#8221; css=&#8221;&#8221;][vc_custom_heading text=&#8221;Semih \u00d6ZCAN&#8221; font_container=&#8221;tag:h3|font_size:20|text_align:center|line_height:2&#8243; google_fonts=&#8221;font_family:Hind%3A300%2Cregular%2C500%2C600%2C700|font_style:500%20bold%20regular%3A500%3Anormal&#8221; css=&#8221;&#8221;][vc_custom_heading text=&#8221;Y\u00f6netim Kurulu \u00dcyesi &#8211; Operasyon Direkt\u00f6r\u00fc&#8221; font_container=&#8221;tag:h3|font_size:20|text_align:center|line_height:1&#8243; google_fonts=&#8221;font_family:Hind%3A300%2Cregular%2C500%2C600%2C700|font_style:500%20bold%20regular%3A500%3Anormal&#8221; css=&#8221;&#8221;][\/vc_column_inner][\/vc_row_inner][\/vc_column][\/vc_row][vc_row full_width=&#8221;stretch_row&#8221; css=&#8221;.vc_custom_1732609673758{background-image: url(http:\/\/www.twos.com.tr\/wp-content\/uploads\/2024\/11\/sayac.jpg?id=1597) !important;}&#8221;][vc_column][vc_empty_space height=&#8221;11.4em&#8221; alter_height=&#8221;none&#8221; hide_on_mobile=&#8221;&#8221;]<div id=\"sc_title_1429198960\"\n\t\tclass=\"scheme_dark sc_title sc_title_default\"><h2 class=\"sc_item_title sc_title_title sc_align_center sc_item_title_style_default\">Kargonuzu en k\u0131sa s\u00fcrede<br \/>\n<mark> adresine ula\u015ft\u0131r\u0131n<\/mark><\/h2><\/div><!-- \/.sc_title -->[vc_empty_space height=&#8221;3em&#8221; alter_height=&#8221;none&#8221; hide_on_mobile=&#8221;&#8221;]<div id=\"sc_skills_997178853\"\n\t\tclass=\"sc_skills sc_skills_counter\"\n\t\t\t\tdata-type=\"counter\"\n\t\t><div class=\"sc_skills_columns sc_item_columns trx_addons_columns_wrap columns_padding_bottom\"><div class=\"sc_skills_column trx_addons_column-1_4\"><div class=\"sc_skills_item_wrap\"><div class=\"sc_skills_item\"><div class=\"sc_skills_icon icon-1\"><\/div><div class=\"sc_skills_total\" data-start=\"0\" data-stop=\"2340\" data-step=\"4\" data-max=\"400\" data-speed=\"39\" data-duration=\"22815\" data-ed=\"\">0<\/div><\/div><div class=\"sc_skills_item_title\">Ta\u015f\u0131nan Ton<\/div><\/div><\/div><div class=\"sc_skills_column trx_addons_column-1_4\"><div class=\"sc_skills_item_wrap\"><div class=\"sc_skills_item\"><div class=\"sc_skills_icon icon-2\"><\/div><div class=\"sc_skills_total\" data-start=\"0\" data-stop=\"230\" data-step=\"4\" data-max=\"400\" data-speed=\"26\" data-duration=\"1495\" data-ed=\"\">0<\/div><\/div><div class=\"sc_skills_item_title\">\u015eirket \u00c7al\u0131\u015fanlar\u0131<\/div><\/div><\/div><div class=\"sc_skills_column trx_addons_column-1_4\"><div class=\"sc_skills_item_wrap\"><div class=\"sc_skills_item\"><div class=\"sc_skills_icon icon-sphere\"><\/div><div class=\"sc_skills_total\" data-start=\"0\" data-stop=\"254\" data-step=\"4\" data-max=\"400\" data-speed=\"24\" data-duration=\"1524\" data-ed=\"\">0<\/div><\/div><div class=\"sc_skills_item_title\">D\u00fcnyadaki Ofisler<\/div><\/div><\/div><div class=\"sc_skills_column trx_addons_column-1_4\"><div class=\"sc_skills_item_wrap\"><div class=\"sc_skills_item\"><div class=\"sc_skills_icon icon-3\"><\/div><div class=\"sc_skills_total\" data-start=\"0\" data-stop=\"1900\" data-step=\"4\" data-max=\"400\" data-speed=\"26\" data-duration=\"12350\" data-ed=\"\">0<\/div><\/div><div class=\"sc_skills_item_title\">Mutlu M\u00fc\u015fteriler<\/div><\/div><\/div><\/div><\/div>[vc_empty_space height=&#8221;10em&#8221; alter_height=&#8221;none&#8221; hide_on_mobile=&#8221;&#8221;][\/vc_column][\/vc_row]<\/p>\n<\/div>","protected":false},"excerpt":{"rendered":"<p>[vc_row full_width=&#8221;stretch_row&#8221; css=&#8221;.vc_custom_1748697046157{margin-top: 50px !important;background-color: #e4e4e4 !important;background-position: 0 0 !important;background-repeat: no-repeat !important;}&#8221;][vc_column][vc_row_inner css=&#8221;.vc_custom_1748697074214{margin-top: 50px !important;}&#8221;][vc_column_inner width=&#8221;1\/2&#8243; css=&#8221;.vc_custom_1748697021583{margin-top: 20px !important;}&#8221;][\/vc_column_inner][vc_column_inner width=&#8221;1\/2&#8243;][vc_single_image image=&#8221;1616&#8243; img_size=&#8221;medium&#8221; alignment=&#8221;center&#8221; css=&#8221;&#8221;][vc_custom_heading text=&#8221;Semih \u00d6ZCAN&#8221; font_container=&#8221;tag:h3|font_size:20|text_align:center|line_height:2&#8243; google_fonts=&#8221;font_family:Hind%3A300%2Cregular%2C500%2C600%2C700|font_style:500%20bold%20regular%3A500%3Anormal&#8221; css=&#8221;&#8221;][vc_custom_heading text=&#8221;Y\u00f6netim Kurulu \u00dcyesi &#8211; Operasyon Direkt\u00f6r\u00fc&#8221; font_container=&#8221;tag:h3|font_size:20|text_align:center|line_height:1&#8243; google_fonts=&#8221;font_family:Hind%3A300%2Cregular%2C500%2C600%2C700|font_style:500%20bold%20regular%3A500%3Anormal&#8221; css=&#8221;&#8221;][\/vc_column_inner][\/vc_row_inner][\/vc_column][\/vc_row][vc_row full_width=&#8221;stretch_row&#8221; css=&#8221;.vc_custom_1732609673758{background-image: url(http:\/\/www.twos.com.tr\/wp-content\/uploads\/2024\/11\/sayac.jpg?id=1597) !important;}&#8221;][vc_column][vc_empty_space height=&#8221;11.4em&#8221; alter_height=&#8221;none&#8221; hide_on_mobile=&#8221;&#8221;][vc_empty_space height=&#8221;3em&#8221; alter_height=&#8221;none&#8221; hide_on_mobile=&#8221;&#8221;][vc_empty_space height=&#8221;10em&#8221; alter_height=&#8221;none&#8221; hide_on_mobile=&#8221;&#8221;][\/vc_column][\/vc_row]<\/p>\n","protected":false},"author":1,"featured_media":0,"parent":0,"menu_order":0,"comment_status":"closed","ping_status":"closed","template":"","meta":{"footnotes":""},"class_list":["post-1746","page","type-page","status-publish","hentry"],"_links":{"self":[{"href":"https:\/\/www.twos.com.tr\/tr\/wp-json\/wp\/v2\/pages\/1746","targetHints":{"allow":["GET"]}}],"collection":[{"href":"https:\/\/www.twos.com.tr\/tr\/wp-json\/wp\/v2\/pages"}],"about":[{"href":"https:\/\/www.twos.com.tr\/tr\/wp-json\/wp\/v2\/types\/page"}],"author":[{"embeddable":true,"href":"https:\/\/www.twos.com.tr\/tr\/wp-json\/wp\/v2\/users\/1"}],"replies":[{"embeddable":true,"href":"https:\/\/www.twos.com.tr\/tr\/wp-json\/wp\/v2\/comments?post=1746"}],"version-history":[{"count":14,"href":"https:\/\/www.twos.com.tr\/tr\/wp-json\/wp\/v2\/pages\/1746\/revisions"}],"predecessor-version":[{"id":1944,"href":"https:\/\/www.twos.com.tr\/tr\/wp-json\/wp\/v2\/pages\/1746\/revisions\/1944"}],"wp:attachment":[{"href":"https:\/\/www.twos.com.tr\/tr\/wp-json\/wp\/v2\/media?parent=1746"}],"curies":[{"name":"wp","href":"https:\/\/api.w.org\/{rel}","templated":true}]}}